{"id":1289,"date":"2023-07-04T08:53:05","date_gmt":"2023-07-04T06:53:05","guid":{"rendered":"https:\/\/www.tiaredoc.com\/?page_id=1289"},"modified":"2023-07-04T09:19:24","modified_gmt":"2023-07-04T07:19:24","slug":"cookie-policy","status":"publish","type":"page","link":"https:\/\/www.tiaredoc.com\/en\/cookie-policy\/","title":{"rendered":"Cookie Policy"},"content":{"rendered":"<h2>1) Informazioni sui cookies del sito<\/h2>\n<ol>\n<li>In questa sezione sono contenute le informazioni relative alla cookie policy del sito <strong>www.nomesito.com<\/strong>, di propriet\u00e0 di <strong>Nome Cognome<\/strong>, in riferimento all\u2019utilizzo dei cookies da parte dell\u2019utente.<\/li>\n<li>Il presente documento \u00e8 parte integrante della Privacy Policy del sito <strong>https:\/\/www.nomesito.com<\/strong> e dell\u2019informativa in essa contenuta resa ai soggetti interessati ai sensi del Regolamento generale sulla Protezione dei Dati, Regolamento UE n. 679\/2016, del codice in materia di protezione dei dati personali, D.Lgs. del 30 giugno 1993, n. 196 e s.m.i., e delle \u201cLinee guida cookie e altri strumenti di tracciamento \u2013 10 giugno 2021\u201d, G.U. n. 163 del 9 luglio 2021.<\/li>\n<li>L\u2019informativa \u00e8 resa esclusivamente per i cookie presenti all\u2019interno del sito <strong>www.nomesito.com<\/strong> e non anche per cookie presenti su siti esterni raggiungibili attraverso tramite link presenti all\u2019interno del sito stesso.<\/li>\n<li>La politica sui cookie pu\u00f2 essere periodicamente aggiornata, per cui si consiglia di consultare questo documento ogni volta che si accede al sito, al fine di poter essere correttamente informati su come e perch\u00e9 vengono utilizzati i cookie.<\/li>\n<\/ol>\n<h2>2) Titolare del trattamento dei dati<\/h2>\n<ol>\n<li>Il titolare del trattamento \u00e8 la persona fisica o giuridica, l\u2019autorit\u00e0 pubblica, il servizio o altro organismo che, singolarmente o insieme ad altri, determina le finalit\u00e0 e i mezzi del trattamento di dati personali. Si occupa anche dei profili sulla sicurezza.<\/li>\n<li>Relativamente al presente sito web il titolare \u00e8: <strong>Nome Cognome<\/strong><\/li>\n<\/ol>\n<h2>3) Normativa Cookies<\/h2>\n<ol>\n<li>L\u2019utilizzo dei cookie avviene nel rispetto della relativa normativa europea (direttiva 2009\/136\/CE ha modificato la direttiva 2002\/58\/CE \u201cE Privacy) e nazionale (Provvedimento Garante per la protezione dei dati personali dell\u20198 maggio 2014 e successivi chiarimenti nonch\u00e9 Linee Guida cookie e altri strumenti di tracciamento del 10 giugno 2021 n.231).<\/li>\n<\/ol>\n<h2>4) Tipologie di Cookies<\/h2>\n<ol>\n<li>Il sito <strong>www.nomesito.com<\/strong> utilizza cookies per rendere l\u2019esperienza di navigazione dell\u2019utente pi\u00f9 facile ed intuitiva: i cookies sono piccole stringhe di testo utilizzate per memorizzare alcune informazioni che possono riguardare l\u2019utente, le sue preferenze o il dispositivo di accesso a Internet (computer, tablet o cellulare) e vengono utilizzate principalmente per adeguare il funzionamento del sito alle aspettative dell\u2019utente, offrendo un\u2019esperienza di navigazione pi\u00f9 personalizzata e memorizzando le scelte effettuate in precedenza.<\/li>\n<li>Un cookie consiste in un ridotto insieme di dati trasferiti al browser dell\u2019utente da un server web e pu\u00f2 essere letto unicamente dal server che ha effettuato il trasferimento. Non si tratta di codice eseguibile e non trasmette virus.<\/li>\n<li>I cookies non registrano alcuna informazione personale e gli eventuali dati identificabili non verranno memorizzati. Se si desidera, \u00e8 possibile impedire il salvataggio di alcuni o tutti i cookie. Tuttavia, in questo caso l\u2019utilizzo del sito e dei servizi offerti potrebbe risultarne compromesso. Per procedere senza modificare le opzioni relative ai cookies \u00e8 sufficiente continuare con la navigazione.<\/li>\n<li>Questo sito web pu\u00f2 utilizzare, anche in combinazione tra di loro i seguenti tipi di cookie classificati in base alle indicazioni del Garante Privacy e dei Pareri emessi in ambito Europeo dal Gruppo di Lavoro ex art. 29 del GDPR:\n<ul>\n<li>Sessione, sono i cookie che non vengono memorizzati in modo persistente sul computer dell\u2019utente e si cancellano con la chiusura del browser, sono strettamente limitati alla trasmissione di identificativi di sessione necessari per consentire l\u2019esplorazione sicura ed efficiente del sito evitando il ricorso ad altre tecniche informatiche potenzialmente pregiudizievoli per la riservatezza della navigazione degli utenti.<\/li>\n<li>Persistenti, sono i cookie che rimangono memorizzati sul disco rigido del computer fino alla loro scadenza o cancellazione da parte degli utenti\/visitatori. Tramite i cookie persistenti i visitatori che accedono al sito (o eventuali altri utenti che impiegano il medesimo computer) vengono automaticamente riconosciuti ad ogni visita. I visitatori possono impostare il browser del computer in modo tale che accetti\/rifiuti tutti i cookie o visualizzi un avviso ogni qual volta viene proposto un cookie, per poter valutare se accettarlo o meno. L\u2019utente pu\u00f2, comunque, modificare la configurazione predefinita e disabilitare i cookie (cio\u00e8 bloccarli in via definitiva), impostando il livello di protezione pi\u00f9 elevato.<\/li>\n<li>Tecnici, sono i cookie utilizzati per autenticarsi, per usufruire di contenuti multimediali tipo flash player o per consentire la scelta della lingua di navigazione. In generale non \u00e8 quindi necessario acquisire il consenso preventivo e informato dell\u2019utente. Rientrano in questa fattispecie anche i cookie utilizzati per analizzare statisticamente gli accessi\/le visite al sito solo se utilizzati esclusivamente per scopi statistici e tramite la raccolta di informazioni in forma aggregata.<\/li>\n<li>Cookie di profilazione e marketing. Il loro utilizzo sui terminali degli utenti \u00e8 vietato se questi non siano stati prima adeguatamente informati e non abbiano prestato al riguardo un valido consenso secondo la tecnica dell\u2019opt-in. Questi tipi di cookie sono, a loro volta, raggruppabili in base alle funzioni che assolvono in:<\/li>\n<li>Analitycs. sono i cookie utilizzati per raccogliere ed analizzare informazioni statistiche sugli accessi\/le visite al sito web. In alcuni casi, associati ad altre informazioni quali le credenziali inserite per l\u2019accesso ad aree riservate (il proprio indirizzo di posta elettronica e la password), possono essere utilizzate per profilare l\u2019utente (abitudini personali, siti visitati, contenuti scaricati, tipi di interazioni effettuate, ecc.).<\/li>\n<li>Widgets, rientrano in questa categoria tutti quei componenti grafici di una interfaccia utente di un programma, che ha lo scopo di facilitare l\u2019utente nell\u2019interazione con il programma stesso. A titolo esemplificativo sono widget i cookie di facebook, twitter.<\/li>\n<li>Advertsing, rientrano in questa categoria i cookie utilizzati per fare pubblicit\u00e0 all\u2019interno di un sito. Google, Tradedoubler rientrano in questa categoria.<\/li>\n<\/ul>\n<\/li>\n<\/ol>\n<h2>5) Cookies tecnici<\/h2>\n<ol>\n<li>I cookie tecnici sono quelli utilizzati al solo fine di \u201ceffettuare la trasmissione di una comunicazione su una rete di comunicazione elettronica, o nella misura strettamente necessaria al fornitore di un servizio della societ\u00e0 dell\u2019informazione esplicitamente richiesto dall\u2019abbonato o dall\u2019utente a erogare tale servizio\u201d (cfr. art. 122, comma 1, del Codice della Privacy).<\/li>\n<li>I cookie tecnici non richiedono il consenso preventivo dell\u2019utente. Essi sono utilizzati per consentire il funzionamento del sito e\/o per fornire all\u2019Utente un servizio o una funzione che l\u2019Utente ha espressamente richiesto. I cookies garantiscono, quindi, la normale navigazione e fruizione dei Siti, consentendo, anche, di salvare le preferenze espresse dall\u2019Utente e di ottimizzare, cos\u00ec, la sua navigazione. I Siti utilizzano cookie tecnici sia di prima che di terza parte.<\/li>\n<li>I cookie tecnici effettivamente utilizzati dal sito, o che potrebbero essere utilizzati dal sito, si dividono in:\n<ul>\n<li>cookie \u201cuser input\u201d: cookie di sessione utilizzati per tenere traccia dei dati forniti dall\u2019utente compilando gli appositi moduli on line (per esempio i moduli presenti durante il procedimento di acquisto per l\u2019inserimento dell\u2019indirizzo di spedizione o di fatturazione) oppure, come accade nel caso del carrello della spesa, per ricordare gli articoli che l\u2019utente ha selezionato e inserito nel carrello, cliccando sull\u2019apposito pulsante;<\/li>\n<li>cookie di autenticazione: cookie utilizzati per identificare l\u2019utente dopo il log-in e consentirgli di autenticarsi e accedere al contenuto e\/o alle funzionalit\u00e0 per cui tale log-in \u00e8 necessario (es: acquisto, accesso all\u2019Area Personale);<\/li>\n<li>altri cookie di funzionalit\u00e0: cookie che servono ad attivare specifiche funzionalit\u00e0 dei Siti e a memorizzare le scelte effettuate dall\u2019Utente in merito alla visualizzazione delle pagine dei Siti;<\/li>\n<li>\u201ccookie Consent\u201d: cookie che documenta la manifestazione del consenso dell\u2019Utente alla installazione dei cookie di profilazione attraverso il compimento di una delle azioni descritte nel banner\/informativa breve, riconosce l\u2019Utente al secondo accesso al sito cos\u00ec da non richiedere nuovamente il consenso all\u2019installazione dei cookie ed ha una durata di 12 mesi.<\/li>\n<\/ul>\n<\/li>\n<\/ol>\n<h2>6) Cookies di terze parti<\/h2>\n<ol>\n<li>In relazione alla provenienza si distinguono i cookies inviati al browser direttamente dal sito che si sta visitando e quelli di terze parti inviati al computer da altri siti e non da quello che si sta visitando.<\/li>\n<li>I cookies permanenti sono spesso cookies di terze parti. La maggior parte dei cookies di terze parti \u00e8 costituita da cookies di tracciamento usati per individuare il comportamento online, capire gli interessi e quindi personalizzare le proposte pubblicitarie per gli utenti.<\/li>\n<\/ol>\n<h2>7) Cookies analitici<\/h2>\n<ol>\n<li>I cookie analitici sono utilizzati per raccogliere informazioni statistiche, in forma aggregata o non, sul numero degli utenti che accedono ad un servizio.<\/li>\n<li>I cookies analitici sono sviluppati direttamente da <strong>www.nomesito.com<\/strong> e servono per raccogliere informazioni aggregate a fini di analisi per il sito stesso.<\/li>\n<li>Questo tipo di cookies non richiede il consenso preventivo dell\u2019utente in quanto assimilabile ai cookies tecnici.<\/li>\n<\/ol>\n<h2>8) Come disabilitare i cookies<\/h2>\n<ol>\n<li>In occasione della prima visita al nostro Sito, \u00e8 possibile accettare tutti i cookie cliccando sul tasto \u201cOK\u201d o sul tasto \u201cX\u201d (di chiusura) presenti nel banner o su un qualunque elemento della pagina web esterno al banner stesso.<\/li>\n<li>In ogni altro caso e ad ogni successiva visita al Sito, cliccando sul link \u201cCookie Policy\u201d presente in fondo della homepage del nostro Sito, potr\u00e0 accedere alla presente informativa e negare il consenso all\u2019installazione dei cookie.<\/li>\n<li>\u00c8 possibile disabilitare i cookies in base al browser utilizzato. Posto che la maggior parte dei browser \u00e8 programmata in maniera tale da accettare i cookie automaticamente, l\u2019utente potr\u00e0 scegliere di non riceverne, soprattutto nei casi in cui la terza parte coinvolta non abbia correttamente fornito la possibilit\u00e0 di opt-out, accedendo alle impostazioni del browser e disabilitandone l\u2019utilizzo, secondo le procedure descritte ai seguenti indirizzi:\n<ul>\n<li>Microsoft Windows Explorer: https:\/\/support.microsoft.com\/en-gb\/windows\/delete-and-manage-cookies-168dab11-0753-043d-7c16-ede5947fc64d#ie=ie-11<\/li>\n<li>Google Chrome: https:\/\/support.google.com\/chrome\/answer\/95647?hl=it<\/li>\n<li>Mozilla Firefox: https:\/\/support.mozilla.org\/it\/kb\/Gestione%20dei%20cookie<\/li>\n<li>Apple Safari: https:\/\/support.apple.com\/it-it\/guide\/safari\/sfri11471\/mac<\/li>\n<li>Opera: https:\/\/help.opera.com\/en\/latest\/web-preferences\/#cookies<\/li>\n<\/ul>\n<\/li>\n<li>Se il tuo browser non \u00e8 presente, puoi fare riferimento alle informazioni sui cookie fornite dal browser stesso. Se utilizzi un telefono cellulare, consulta il relativo manuale per reperire ulteriori informazioni.<\/li>\n<li>A seguito di disabilitazione dei cookie attraverso le impostazioni del browser, si ricorda la necessit\u00e0 di provvedere, sempre attraverso le stesse, alla eliminazione di quelli gi\u00e0 presenti prima della disabilitazione stessa.<\/li>\n<li>La disattivazione dei cookie di terze parti \u00e8 inoltre possibile attraverso le modalit\u00e0 rese disponibili direttamente dalla societ\u00e0 terza titolare per detto trattamento, come indicato ai link riportati nel paragrafo \u201ccookie di terze parti\u201d.<\/li>\n<li>Per avere informazioni sui cookie archiviati sul proprio terminale e disattivarli singolarmente si rinvia a www.youronlinechoices.com.<\/li>\n<li>Una volta sul sito, accedendo all\u2019area \u201cLe tue scelte\u201d potrai: visualizzare l\u2019elenco delle societ\u00e0 terze, nostre partner, che installano cookie sul nostro sito (Societ\u00e0); verificare la presenza e lo stato di attivit\u00e0 del cookie installato (Status) e gestire il consenso selettivamente (On\/Off). Espandendo la voce dedicata (Info) ad ogni societ\u00e0 potrai accedere a pi\u00f9 informazioni relative alla societ\u00e0 e raggiungere via link la specifica informativa in materia di privacy e cookie.<\/li>\n<\/ol>\n<h2>9) Social networks<\/h2>\n<ol>\n<li>Il presente sito incorpora anche plugin e\/o bottoni per i social network, al fine di consentire una facile condivisione dei contenuti sui vostri social network preferiti. Tali plugin sono programmati in modo da non impostare alcun cookie all\u2019accesso della pagina, per salvaguardare la privacy degli utenti. Eventualmente i cookie vengono impostati, se cos\u00ec previsto dai social network, solo quando l\u2019utente fa effettivo e volontario uso del plugin. Si tenga presente che se l\u2019utente naviga avendo effettuato il login nel social network allora ha gi\u00e0 acconsentito all\u2019uso dei cookie veicolati tramite questo sito al momento dell\u2019iscrizione al social network.<\/li>\n<li>Questo tipo di servizi permette di effettuare interazioni con i social network, o con altre piattaforme esterne, direttamente dalle pagine di <strong>www.nomesito.com<\/strong>.<\/li>\n<li>Le interazioni e le informazioni acquisite da <strong>www.nomesito.com<\/strong> sono in ogni caso soggette alle impostazioni privacy dell\u2019Utente relative ad ogni social network. Nel caso in cui sia installato un servizio di interazione con i social network, \u00e8 possibile che, anche nel caso gli Utenti non utilizzino il servizio, lo stesso raccolga dati di traffico relativi alle pagine in cui \u00e8 installato.<\/li>\n<\/ol>\n","protected":false},"excerpt":{"rendered":"<p>1) Informazioni sui cookies del sito In questa sezione sono contenute le informazioni relative alla cookie policy del sito www.nomesito.com, di propriet\u00e0 di Nome Cognome, in riferimento all\u2019utilizzo dei cookies da parte dell\u2019utente. Il presente documento \u00e8 parte integrante della Privacy Policy del sito https:\/\/www.nomesito.com e dell\u2019informativa in essa contenuta resa ai soggetti interessati ai [&hellip;]<\/p>\n","protected":false},"author":1,"featured_media":0,"parent":0,"menu_order":0,"comment_status":"closed","ping_status":"closed","template":"","meta":{"ocean_post_layout":"","ocean_both_sidebars_style":"","ocean_both_sidebars_content_width":0,"ocean_both_sidebars_sidebars_width":0,"ocean_sidebar":"0","ocean_second_sidebar":"0","ocean_disable_margins":"enable","ocean_add_body_class":"","ocean_shortcode_before_top_bar":"","ocean_shortcode_after_top_bar":"","ocean_shortcode_before_header":"","ocean_shortcode_after_header":"","ocean_has_shortcode":"","ocean_shortcode_after_title":"","ocean_shortcode_before_footer_widgets":"","ocean_shortcode_after_footer_widgets":"","ocean_shortcode_before_footer_bottom":"","ocean_shortcode_after_footer_bottom":"","ocean_display_top_bar":"default","ocean_display_header":"default","ocean_header_style":"","ocean_center_header_left_menu":"0","ocean_custom_header_template":"0","ocean_custom_logo":0,"ocean_custom_retina_logo":0,"ocean_custom_logo_max_width":0,"ocean_custom_logo_tablet_max_width":0,"ocean_custom_logo_mobile_max_width":0,"ocean_custom_logo_max_height":0,"ocean_custom_logo_tablet_max_height":0,"ocean_custom_logo_mobile_max_height":0,"ocean_header_custom_menu":"0","ocean_menu_typo_font_family":"0","ocean_menu_typo_font_subset":"","ocean_menu_typo_font_size":0,"ocean_menu_typo_font_size_tablet":0,"ocean_menu_typo_font_size_mobile":0,"ocean_menu_typo_font_size_unit":"px","ocean_menu_typo_font_weight":"","ocean_menu_typo_font_weight_tablet":"","ocean_menu_typo_font_weight_mobile":"","ocean_menu_typo_transform":"","ocean_menu_typo_transform_tablet":"","ocean_menu_typo_transform_mobile":"","ocean_menu_typo_line_height":0,"ocean_menu_typo_line_height_tablet":0,"ocean_menu_typo_line_height_mobile":0,"ocean_menu_typo_line_height_unit":"","ocean_menu_typo_spacing":0,"ocean_menu_typo_spacing_tablet":0,"ocean_menu_typo_spacing_mobile":0,"ocean_menu_typo_spacing_unit":"","ocean_menu_link_color":"","ocean_menu_link_color_hover":"","ocean_menu_link_color_active":"","ocean_menu_link_background":"","ocean_menu_link_hover_background":"","ocean_menu_link_active_background":"","ocean_menu_social_links_bg":"","ocean_menu_social_hover_links_bg":"","ocean_menu_social_links_color":"","ocean_menu_social_hover_links_color":"","ocean_disable_title":"default","ocean_disable_heading":"default","ocean_post_title":"","ocean_post_subheading":"","ocean_post_title_style":"","ocean_post_title_background_color":"","ocean_post_title_background":0,"ocean_post_title_bg_image_position":"","ocean_post_title_bg_image_attachment":"","ocean_post_title_bg_image_repeat":"","ocean_post_title_bg_image_size":"","ocean_post_title_height":0,"ocean_post_title_bg_overlay":0.5,"ocean_post_title_bg_overlay_color":"","ocean_disable_breadcrumbs":"default","ocean_breadcrumbs_color":"","ocean_breadcrumbs_separator_color":"","ocean_breadcrumbs_links_color":"","ocean_breadcrumbs_links_hover_color":"","ocean_display_footer_widgets":"default","ocean_display_footer_bottom":"default","ocean_custom_footer_template":"0","footnotes":""},"class_list":["post-1289","page","type-page","status-publish","hentry","entry","owp-thumbs-layout-horizontal","owp-btn-normal","owp-tabs-layout-horizontal","has-no-thumbnails"],"yoast_head":"<!-- This site is optimized with the Yoast SEO plugin v27.3 - https:\/\/yoast.com\/product\/yoast-seo-wordpress\/ -->\n<title>Cookie Policy - Tiare<\/title>\n<meta name=\"robots\" content=\"index, follow, max-snippet:-1, max-image-preview:large, max-video-preview:-1\" \/>\n<link rel=\"canonical\" href=\"https:\/\/www.tiaredoc.com\/en\/cookie-policy\/\" \/>\n<meta property=\"og:locale\" content=\"en_US\" \/>\n<meta property=\"og:type\" content=\"article\" \/>\n<meta property=\"og:title\" content=\"Cookie Policy - Tiare\" \/>\n<meta property=\"og:description\" content=\"1) Informazioni sui cookies del sito In questa sezione sono contenute le informazioni relative alla cookie policy del sito www.nomesito.com, di propriet\u00e0 di Nome Cognome, in riferimento all\u2019utilizzo dei cookies da parte dell\u2019utente. Il presente documento \u00e8 parte integrante della Privacy Policy del sito https:\/\/www.nomesito.com e dell\u2019informativa in essa contenuta resa ai soggetti interessati ai [&hellip;]\" \/>\n<meta property=\"og:url\" content=\"https:\/\/www.tiaredoc.com\/en\/cookie-policy\/\" \/>\n<meta property=\"og:site_name\" content=\"Tiare\" \/>\n<meta property=\"article:modified_time\" content=\"2023-07-04T07:19:24+00:00\" \/>\n<meta name=\"twitter:card\" content=\"summary_large_image\" \/>\n<script type=\"application\/ld+json\" class=\"yoast-schema-graph\">{\"@context\":\"https:\\\/\\\/schema.org\",\"@graph\":[{\"@type\":\"WebPage\",\"@id\":\"https:\\\/\\\/www.tiaredoc.com\\\/en\\\/cookie-policy\\\/\",\"url\":\"https:\\\/\\\/www.tiaredoc.com\\\/en\\\/cookie-policy\\\/\",\"name\":\"Cookie Policy - Tiare\",\"isPartOf\":{\"@id\":\"https:\\\/\\\/www.tiaredoc.com\\\/en\\\/#website\"},\"datePublished\":\"2023-07-04T06:53:05+00:00\",\"dateModified\":\"2023-07-04T07:19:24+00:00\",\"breadcrumb\":{\"@id\":\"https:\\\/\\\/www.tiaredoc.com\\\/en\\\/cookie-policy\\\/#breadcrumb\"},\"inLanguage\":\"en-US\",\"potentialAction\":[{\"@type\":\"ReadAction\",\"target\":[\"https:\\\/\\\/www.tiaredoc.com\\\/en\\\/cookie-policy\\\/\"]}]},{\"@type\":\"BreadcrumbList\",\"@id\":\"https:\\\/\\\/www.tiaredoc.com\\\/en\\\/cookie-policy\\\/#breadcrumb\",\"itemListElement\":[{\"@type\":\"ListItem\",\"position\":1,\"name\":\"Home\",\"item\":\"https:\\\/\\\/www.tiaredoc.com\\\/en\\\/\"},{\"@type\":\"ListItem\",\"position\":2,\"name\":\"Cookie Policy\"}]},{\"@type\":\"WebSite\",\"@id\":\"https:\\\/\\\/www.tiaredoc.com\\\/en\\\/#website\",\"url\":\"https:\\\/\\\/www.tiaredoc.com\\\/en\\\/\",\"name\":\"Tiare\",\"description\":\"La gestione del suolo\",\"publisher\":{\"@id\":\"https:\\\/\\\/www.tiaredoc.com\\\/en\\\/#organization\"},\"potentialAction\":[{\"@type\":\"SearchAction\",\"target\":{\"@type\":\"EntryPoint\",\"urlTemplate\":\"https:\\\/\\\/www.tiaredoc.com\\\/en\\\/?s={search_term_string}\"},\"query-input\":{\"@type\":\"PropertyValueSpecification\",\"valueRequired\":true,\"valueName\":\"search_term_string\"}}],\"inLanguage\":\"en-US\"},{\"@type\":\"Organization\",\"@id\":\"https:\\\/\\\/www.tiaredoc.com\\\/en\\\/#organization\",\"name\":\"Tiare\",\"url\":\"https:\\\/\\\/www.tiaredoc.com\\\/en\\\/\",\"logo\":{\"@type\":\"ImageObject\",\"inLanguage\":\"en-US\",\"@id\":\"https:\\\/\\\/www.tiaredoc.com\\\/en\\\/#\\\/schema\\\/logo\\\/image\\\/\",\"url\":\"https:\\\/\\\/www.tiaredoc.com\\\/cms\\\/wp-content\\\/uploads\\\/2023\\\/06\\\/tiare-logo.png\",\"contentUrl\":\"https:\\\/\\\/www.tiaredoc.com\\\/cms\\\/wp-content\\\/uploads\\\/2023\\\/06\\\/tiare-logo.png\",\"width\":300,\"height\":73,\"caption\":\"Tiare\"},\"image\":{\"@id\":\"https:\\\/\\\/www.tiaredoc.com\\\/en\\\/#\\\/schema\\\/logo\\\/image\\\/\"}}]}<\/script>\n<!-- \/ Yoast SEO plugin. -->","yoast_head_json":{"title":"Cookie Policy - Tiare","robots":{"index":"index","follow":"follow","max-snippet":"max-snippet:-1","max-image-preview":"max-image-preview:large","max-video-preview":"max-video-preview:-1"},"canonical":"https:\/\/www.tiaredoc.com\/en\/cookie-policy\/","og_locale":"en_US","og_type":"article","og_title":"Cookie Policy - Tiare","og_description":"1) Informazioni sui cookies del sito In questa sezione sono contenute le informazioni relative alla cookie policy del sito www.nomesito.com, di propriet\u00e0 di Nome Cognome, in riferimento all\u2019utilizzo dei cookies da parte dell\u2019utente. Il presente documento \u00e8 parte integrante della Privacy Policy del sito https:\/\/www.nomesito.com e dell\u2019informativa in essa contenuta resa ai soggetti interessati ai [&hellip;]","og_url":"https:\/\/www.tiaredoc.com\/en\/cookie-policy\/","og_site_name":"Tiare","article_modified_time":"2023-07-04T07:19:24+00:00","twitter_card":"summary_large_image","schema":{"@context":"https:\/\/schema.org","@graph":[{"@type":"WebPage","@id":"https:\/\/www.tiaredoc.com\/en\/cookie-policy\/","url":"https:\/\/www.tiaredoc.com\/en\/cookie-policy\/","name":"Cookie Policy - Tiare","isPartOf":{"@id":"https:\/\/www.tiaredoc.com\/en\/#website"},"datePublished":"2023-07-04T06:53:05+00:00","dateModified":"2023-07-04T07:19:24+00:00","breadcrumb":{"@id":"https:\/\/www.tiaredoc.com\/en\/cookie-policy\/#breadcrumb"},"inLanguage":"en-US","potentialAction":[{"@type":"ReadAction","target":["https:\/\/www.tiaredoc.com\/en\/cookie-policy\/"]}]},{"@type":"BreadcrumbList","@id":"https:\/\/www.tiaredoc.com\/en\/cookie-policy\/#breadcrumb","itemListElement":[{"@type":"ListItem","position":1,"name":"Home","item":"https:\/\/www.tiaredoc.com\/en\/"},{"@type":"ListItem","position":2,"name":"Cookie Policy"}]},{"@type":"WebSite","@id":"https:\/\/www.tiaredoc.com\/en\/#website","url":"https:\/\/www.tiaredoc.com\/en\/","name":"Tiare","description":"La gestione del suolo","publisher":{"@id":"https:\/\/www.tiaredoc.com\/en\/#organization"},"potentialAction":[{"@type":"SearchAction","target":{"@type":"EntryPoint","urlTemplate":"https:\/\/www.tiaredoc.com\/en\/?s={search_term_string}"},"query-input":{"@type":"PropertyValueSpecification","valueRequired":true,"valueName":"search_term_string"}}],"inLanguage":"en-US"},{"@type":"Organization","@id":"https:\/\/www.tiaredoc.com\/en\/#organization","name":"Tiare","url":"https:\/\/www.tiaredoc.com\/en\/","logo":{"@type":"ImageObject","inLanguage":"en-US","@id":"https:\/\/www.tiaredoc.com\/en\/#\/schema\/logo\/image\/","url":"https:\/\/www.tiaredoc.com\/cms\/wp-content\/uploads\/2023\/06\/tiare-logo.png","contentUrl":"https:\/\/www.tiaredoc.com\/cms\/wp-content\/uploads\/2023\/06\/tiare-logo.png","width":300,"height":73,"caption":"Tiare"},"image":{"@id":"https:\/\/www.tiaredoc.com\/en\/#\/schema\/logo\/image\/"}}]}},"_links":{"self":[{"href":"https:\/\/www.tiaredoc.com\/en\/wp-json\/wp\/v2\/pages\/1289","targetHints":{"allow":["GET"]}}],"collection":[{"href":"https:\/\/www.tiaredoc.com\/en\/wp-json\/wp\/v2\/pages"}],"about":[{"href":"https:\/\/www.tiaredoc.com\/en\/wp-json\/wp\/v2\/types\/page"}],"author":[{"embeddable":true,"href":"https:\/\/www.tiaredoc.com\/en\/wp-json\/wp\/v2\/users\/1"}],"replies":[{"embeddable":true,"href":"https:\/\/www.tiaredoc.com\/en\/wp-json\/wp\/v2\/comments?post=1289"}],"version-history":[{"count":3,"href":"https:\/\/www.tiaredoc.com\/en\/wp-json\/wp\/v2\/pages\/1289\/revisions"}],"predecessor-version":[{"id":1325,"href":"https:\/\/www.tiaredoc.com\/en\/wp-json\/wp\/v2\/pages\/1289\/revisions\/1325"}],"wp:attachment":[{"href":"https:\/\/www.tiaredoc.com\/en\/wp-json\/wp\/v2\/media?parent=1289"}],"curies":[{"name":"wp","href":"https:\/\/api.w.org\/{rel}","templated":true}]}}