{"id":851,"date":"2023-06-22T14:48:11","date_gmt":"2023-06-22T12:48:11","guid":{"rendered":"https:\/\/www.tiaredoc.com\/?page_id=851"},"modified":"2023-07-04T09:24:20","modified_gmt":"2023-07-04T07:24:20","slug":"privacy-policy","status":"publish","type":"page","link":"https:\/\/www.tiaredoc.com\/en\/privacy-policy\/","title":{"rendered":"Privacy Policy"},"content":{"rendered":"<h2>1) Informazioni sulla Privacy del sito<\/h2>\n<ol>\n<li>In questa sezione sono contenute le informazioni relative alle modalit\u00e0 di gestione di <strong>www.nomesito.com<\/strong>, di propriet\u00e0 di <strong>Nome Azienda<\/strong>, in riferimento al trattamento dei dati degli utenti del sito stesso.<\/li>\n<li>La presente informativa ha valore anche ai fini dell\u2019articolo 13 del Regolamento (UE) n. 2016\/679, relativo alla protezione delle persone fisiche con riguardo al trattamento dei dati personali nonch\u00e9 alla libera circolazione di tali dati, per i soggetti che interagiscono con <strong>www.nomesito.com<\/strong>.<\/li>\n<li>L\u2019informativa \u00e8 resa solo per <strong>www.nomesito.com<\/strong> e non anche per altri siti web eventualmente consultati dall\u2019utente tramite link in esso contenuti.<\/li>\n<li>Scopo del presente documento \u00e8 fornire indicazioni circa le modalit\u00e0, i tempi e la natura delle informazioni che i titolari del trattamento devono fornire agli utenti al momento della connessione alle pagine web di <strong>www.nomesito.com<\/strong>, indipendentemente dagli scopi del collegamento stesso, secondo la legislazione Italiana ed Europea.<\/li>\n<li>L\u2019informativa pu\u00f2 subire modifiche a causa dell\u2019introduzione di nuove norme al riguardo, si invita pertanto l\u2019utente a controllare periodicamente la presente pagina.<\/li>\n<li>Se l\u2019utente ha meno di quattordici anni, ai sensi dell\u2019art.8, c.1 regolamento (UE) 2016\/679, e dell\u2019Art. 2 \u2013 Quinquies del D.Lgs 196\/2003, cos\u00ec come modificato dal D.Lgs 181\/18, dovr\u00e0 legittimare il suo consenso attraverso l\u2019autorizzazione dei genitori o di chi ne fa le veci.<\/li>\n<\/ol>\n<h2>2) Titolare del trattamento<\/h2>\n<ol>\n<li>Il titolare del trattamento \u00e8 la persona fisica o giuridica, l\u2019autorit\u00e0 pubblica, il servizio o altro organismo che, singolarmente o insieme ad altri, determina le finalit\u00e0 e i mezzi del trattamento di dati personali. Si occupa anche dei profili sulla sicurezza.<\/li>\n<li>Relativamente al presente sito web il titolare del trattamento \u00e8: <strong>Nome Cognome<\/strong>, e per ogni chiarimento o esercizio dei diritti dell\u2019utente potr\u00e0 contattarlo al seguente indirizzo mail: <strong>info@nomesito.com<\/strong>.<\/li>\n<\/ol>\n<h2>3) Luogo del trattamento<\/h2>\n<ol>\n<li>Il trattamento dei dati generato dall\u2019utilizzo di <strong>www.nomesito.com<\/strong> avviene presso <strong>Via di Esempio, 33 &#8211; 33333 Nomecitt\u00e0 (AA) &#8211; IT<\/strong>.<\/li>\n<li>In caso di necessit\u00e0, i dati connessi al servizio newsletter possono essere trattati dal responsabile del trattamento o soggetti da esso incaricati a tal fine presso la relativa sede.<\/li>\n<\/ol>\n<h2>4) Base giuridica del trattamento<\/h2>\n<ol>\n<li>Il trattamento dei dati personali da parte di <strong>www.nomesito.com<\/strong> si basa sul consenso \u2013 ai sensi dell\u2019art. 6, par. 1, lett. a) del Regolamento UE 2016\/679 \u2013 espresso dall\u2019utente mediante la navigazione su questo sito web e la sua consultazione, cos\u00ec accettando la presente informativa.<\/li>\n<li>Il consenso \u00e8 facoltativo e pu\u00f2 essere revocato in qualsiasi momento mediante richiesta inviata a mezzo email a <strong>info@nomesito.com<\/strong> precisando che, in tal caso, in assenza di consenso non potranno essere erogati alcuni servizi e la navigazione sul sito web potrebbe essere compromessa.<\/li>\n<\/ol>\n<h2>5) Cookie policy<\/h2>\n<ol>\n<li>In questa sezione viene descritto in che modo questo Sito e terze parti utilizzano i cookie e tecnologie similari. L\u2019utilizzo dei cookie avviene nel rispetto della relativa normativa europea (direttiva 2009\/136\/CE ha modificato la direttiva 2002\/58\/CE \u201cE Privacy) e nazionale (Provvedimento Garante per la protezione dei dati personali dell\u20198 maggio 2014 e successivi chiarimenti nonch\u00e9 Linee Guida cookie e altri strumenti di tracciamento del 10 giugno 2021 n.231).<\/li>\n<li>Per avere informazioni complete riguardo ai cookies visitare la nostra cookie policy: <strong>https:\/\/www.nomesito.com\/cookie-policy\/<\/strong>.<\/li>\n<\/ol>\n<h2>6) Tipologia di trattamento dati<\/h2>\n<ol>\n<li>Il trattamento dei dati personali \u00e8 necessario per il perseguimento del legittimo interesse del titolare del trattamento per finalit\u00e0 di fornire informazioni circa l\u2019attivit\u00e0 di <strong>www.nomesito.com<\/strong> ai sensi dell\u2019art. 6, par. 1, lett. f) del Regolamento UE 2016\/679, nel rispetto di quanto previsto dal medesimo Regolamento.<\/li>\n<li>Il presente sito fa uso di Log Files nei quali vengono conservate informazioni raccolte in maniera automatizzata durante le visite degli utenti. Le informazioni raccolte potrebbero essere le seguenti:\n<ul>\n<li>indirizzo internet protocol (IP);<\/li>\n<li>tipo di browser e parametri del dispositivo usato per connettersi al sito;<\/li>\n<li>nome dell\u2019internet service provider (ISP);<\/li>\n<li>data e orario di visita;<\/li>\n<li>pagina web di provenienza del visitatore (referral) e di uscita;<\/li>\n<li>eventualmente il numero di click.<\/li>\n<\/ul>\n<\/li>\n<li>Le suddette informazioni sono trattate in forma automatizzata e raccolte in forma esclusivamente aggregata al fine di verificare il corretto funzionamento del sito, e per motivi di sicurezza. Tali informazioni saranno trattate in base ai legittimi interessi del titolare.<\/li>\n<li>A fini di sicurezza (filtri antispam, firewall, rilevazione virus), i dati registrati automaticamente possono eventualmente comprendere anche dati personali come l\u2019indirizzo Ip, che potrebbe essere utilizzato, conformemente alle leggi vigenti in materia, al fine di bloccare tentativi di danneggiamento al sito medesimo o di recare danno ad altri utenti, o comunque attivit\u00e0 dannose o costituenti reato. Tali dati non sono mai utilizzati per l\u2019identificazione o la profilazione dell\u2019utente, ma solo a fini di tutela del sito e dei suoi utenti, tali informazioni saranno trattate in base ai legittimi interessi del titolare.<\/li>\n<\/ol>\n<h2>7) Tipologia dati acquisti<\/h2>\n<ol>\n<li><strong>www.nomesito.com<\/strong> raccoglie i dati degli utenti direttamente dal sito o da terze parti. I dati sono necessari per la navigazione del sito.<\/li>\n<li>I dati raccolti sono da <strong>www.nomesito.com<\/strong> sono:\n<ul>\n<li><strong>Indirizzo e-mail<\/strong><\/li>\n<\/ul>\n<\/li>\n<\/ol>\n<h2>8) Dati forniti dall\u2019utente<\/h2>\n<ol>\n<li>Qualora il sito consenta l\u2019inserimento di commenti, oppure in caso di specifici servizi richiesti dall\u2019utente, ivi compresi la possibilit\u00e0 di inviare il Curriculum Vitae per un eventuale rapporto lavorativo, il sito rileva automaticamente e registra alcuni dati identificativi dell\u2019utente, compreso l\u2019indirizzo mail. Tali dati si intendono volontariamente forniti dall\u2019utente al momento della richiesta di erogazione del servizio.<\/li>\n<li>Inserendo un commento o altra informazione l\u2019utente accetta espressamente l\u2019informativa privacy. I dati ricevuti verranno utilizzati esclusivamente per l\u2019erogazione del servizio richiesto e per il solo tempo necessario per la fornitura del servizio.<\/li>\n<li>Le informazioni che gli utenti del sito riterranno di rendere pubbliche tramite i servizi e gli strumenti messi a disposizione degli stessi, sono fornite dall\u2019utente consapevolmente e volontariamente, esentando il presente sito da qualsiasi responsabilit\u00e0 in merito ad eventuali violazioni delle leggi. Spetta all\u2019utente verificare di avere i permessi per l\u2019immissione di dati personali di terzi o di contenuti tutelati dalle norme nazionali ed internazionali.<\/li>\n<li>L\u2019invio facoltativo, esplicito e volontario di posta elettronica agli indirizzi indicati su questo sito comporta la successiva acquisizione dell\u2019indirizzo del mittente, necessario per rispondere alle richieste, nonch\u00e9 degli eventuali altri dati personali inseriti nella missiva.<\/li>\n<li>Specifiche informative di sintesi verranno progressivamente riportate o visualizzate nelle pagine del sito predisposte per particolari servizi a richiesta.<\/li>\n<\/ol>\n<h2>9) Finalit\u00e0 del trattamento dati<\/h2>\n<ol>\n<li>I dati raccolti dal sito durante il suo funzionamento sono utilizzati esclusivamente per le finalit\u00e0 sopra indicate e conservati per il tempo strettamente necessario a svolgere le attivit\u00e0 precisate, e comunque non oltre <strong>1 anno<\/strong>.<\/li>\n<\/ol>\n<h2>10) Conservazione Dati<\/h2>\n<ol>\n<li>Conformemente a quanto prescritto dall\u2019art. 5.1(c) del Regolamento, i sistemi informativi e i programmi informatici utilizzati da <strong>www.nomesito.com<\/strong> sono configurati in modo da ridurre al minimo l\u2019uso di dati personali e identificativi; tali dati saranno trattati solo nella misura necessaria per il conseguimento delle finalit\u00e0 indicate nella presente Policy.<\/li>\n<li>I dati verranno conservati per il periodo di tempo strettamente necessario al conseguimento delle finalit\u00e0 in concreto perseguite e, in ogni caso, il criterio utilizzato per determinare il periodo di conservazione \u00e8 improntato al rispetto dei termini consentiti dalle leggi applicabili e dai principi di minimizzazione del trattamento e limitazione della conservazione.<\/li>\n<li>I dati utilizzati a fini di sicurezza (blocco tentativi di danneggiamento del sito) sono conservati per il tempo strettamente necessario al raggiungimento del fine anteriormente indicato.<\/li>\n<\/ol>\n<h2>11) Social networks<\/h2>\n<ol>\n<li>Il presente sito incorpora anche plugin e\/o bottoni per i social network, al fine di consentire una facile condivisione dei contenuti sui vostri social network preferiti. Tali plugin sono programmati in modo da non impostare alcun cookie all\u2019accesso della pagina, per salvaguardare la privacy degli utenti. Eventualmente i cookie vengono impostati, se cos\u00ec previsto dai social network, solo quando l\u2019utente fa effettivo e volontario uso del plugin. Si tenga presente che se l\u2019utente naviga avendo effettuato il login nel social network allora ha gi\u00e0 acconsentito all\u2019uso dei cookie veicolati tramite questo sito al momento dell\u2019iscrizione al social network.<\/li>\n<li>Questo tipo di servizi permette di effettuare interazioni con i social network, o con altre piattaforme esterne, direttamente dalle pagine di <strong>www.nomesito.com<\/strong>.<\/li>\n<li>Le interazioni e le informazioni acquisite da <strong>www.nomesito.com<\/strong> sono in ogni caso soggette alle impostazioni privacy dell\u2019Utente relative ad ogni social network. Nel caso in cui sia installato un servizio di interazione con i social network, \u00e8 possibile che, anche nel caso gli Utenti non utilizzino il servizio, lo stesso raccolga dati di traffico relativi alle pagine in cui \u00e8 installato.<\/li>\n<\/ol>\n<h2>12) Diritti dell\u2019utente<\/h2>\n<ol>\n<li>Viene garantito all\u2019utente il rispetto dei suoi diritti nell\u2019ambito della protezione dei dati personali. In linea con quanto ripreso e affermato dal GDPR, in relazione al trattamento dei propri dati personali, l\u2019utente ha diritto di chiedere al Titolare:\n<ul>\n<li>L\u2019accesso: l\u2019utente pu\u00f2 chiedere conferma che sia o meno in essere un trattamento di dati che lo riguarda, oltre a maggiori chiarimenti circa le informazioni di cui alla presente informativa;<\/li>\n<li>La rettifica: pu\u00f2 chiedere di rettificare o integrare i dati che ha fornito, qualora inesatti o incompleti;<\/li>\n<li>La cancellazione: pu\u00f2 chiedere che i suoi dati vengano cancellati, qualora non siano pi\u00f9 necessari alle nostre finalit\u00e0, in caso di revoca del consenso o opposizione al trattamento, in caso di trattamento illecito, ovvero sussista un obbligo legale di cancellazione o si riferiscano a soggetti minori di anni quattordici;<\/li>\n<li>La limitazione: pu\u00f2 chiedere che i suoi dati siano trattati solo ai fini della conservazione, con esclusioni di altri trattamenti, per il periodo necessario alla rettifica dei suoi dati, in caso di trattamento illecito per il quale si opponga alla cancellazione, qualora lei debba esercitare i suoi diritti in sede giudiziaria e i dati conservati dal Titolare le possono essere utili e, infine, in caso di opposizione al trattamento e sia in corso una verifica sulla prevalenza dei motivi legittimi del Titolare rispetto ai suoi.<\/li>\n<li>L\u2019opposizione: pu\u00f2 opporsi in qualunque momento al trattamento dei suoi dati, salvo che vi siano motivi legittimi del Titolare per procedere al trattamento che prevalgano sui suoi, per esempio per l\u2019esercizio o la propria difesa in sede giudiziaria.<\/li>\n<li>La portabilit\u00e0: pu\u00f2 chiedere di ricevere i suoi dati, o di farli trasmettere ad altro titolare da lei indicato, in un formato strutturato, di uso comune e leggibile da dispositivo automatico.<\/li>\n<li>La revoca: pu\u00f2 revocare il suo consenso all\u2019utilizzo di cookie (Cookie Policy) in qualsiasi momento, poich\u00e9 in questo caso costituisca la base del trattamento. La revoca del consenso comunque non pregiudica la liceit\u00e0 del trattamento basata sul consenso svolto prima della revoca stessa.<\/li>\n<\/ul>\n<\/li>\n<li>In qualsiasi momento l\u2019utente pu\u00f2 chiedere di esercitare i suddetti diritti a <strong>www.nomesito.com<\/strong> rivolgendosi all\u2019indirizzo mail: <strong>info@nomesito.com<\/strong>.<\/li>\n<li>Inoltre, l\u2019utente ha diritto di proporre reclamo nei confronti dell\u2019Autorit\u00e0 di controllo italiana: \u201cGarante per la Protezione dei Dati Personali\u201d nel caso in cui ritenga che i suoi diritti siano stati violati da <strong>www.nomesito.com<\/strong> o nel caso in cui non ritenga soddisfacente la risposta di <strong>www.nomesito.com<\/strong> alle sue richieste.<\/li>\n<\/ol>\n<h2>13) Modifiche alla privacy del sito<\/h2>\n<ol>\n<li>Il presente documento, che costituisce la privacy policy di questo sito, \u00e8 pubblicato all\u2019indirizzo: <strong>https:\/\/www.nomesito.com\/privacy-policy\/<\/strong><\/li>\n<li>Esso pu\u00f2 essere soggetto a modifiche o aggiornamenti. Si invitano gli utenti a consultare periodicamente la presente pagina per essere sempre aggiornati sulle ultime novit\u00e0 legislative.<\/li>\n<li>Le versioni precedenti del documento saranno comunque consultabili a questa pagina.<\/li>\n<li>Il documento \u00e8 stato aggiornato in data <strong>01\/03\/2023<\/strong> per essere conforme alle disposizioni normative in materia, ed in particolare in conformit\u00e0 al Regolamento (UE) 2016\/679.<\/li>\n<\/ol>\n","protected":false},"excerpt":{"rendered":"<p>1) Informazioni sulla Privacy del sito In questa sezione sono contenute le informazioni relative alle modalit\u00e0 di gestione di www.nomesito.com, di propriet\u00e0 di Nome Azienda, in riferimento al trattamento dei dati degli utenti del sito stesso. La presente informativa ha valore anche ai fini dell\u2019articolo 13 del Regolamento (UE) n. 2016\/679, relativo alla protezione delle [&hellip;]<\/p>\n","protected":false},"author":1,"featured_media":0,"parent":0,"menu_order":0,"comment_status":"closed","ping_status":"open","template":"","meta":{"ocean_post_layout":"","ocean_both_sidebars_style":"","ocean_both_sidebars_content_width":0,"ocean_both_sidebars_sidebars_width":0,"ocean_sidebar":"0","ocean_second_sidebar":"0","ocean_disable_margins":"enable","ocean_add_body_class":"","ocean_shortcode_before_top_bar":"","ocean_shortcode_after_top_bar":"","ocean_shortcode_before_header":"","ocean_shortcode_after_header":"","ocean_has_shortcode":"","ocean_shortcode_after_title":"","ocean_shortcode_before_footer_widgets":"","ocean_shortcode_after_footer_widgets":"","ocean_shortcode_before_footer_bottom":"","ocean_shortcode_after_footer_bottom":"","ocean_display_top_bar":"default","ocean_display_header":"default","ocean_header_style":"","ocean_center_header_left_menu":"0","ocean_custom_header_template":"0","ocean_custom_logo":0,"ocean_custom_retina_logo":0,"ocean_custom_logo_max_width":0,"ocean_custom_logo_tablet_max_width":0,"ocean_custom_logo_mobile_max_width":0,"ocean_custom_logo_max_height":0,"ocean_custom_logo_tablet_max_height":0,"ocean_custom_logo_mobile_max_height":0,"ocean_header_custom_menu":"0","ocean_menu_typo_font_family":"0","ocean_menu_typo_font_subset":"","ocean_menu_typo_font_size":0,"ocean_menu_typo_font_size_tablet":0,"ocean_menu_typo_font_size_mobile":0,"ocean_menu_typo_font_size_unit":"px","ocean_menu_typo_font_weight":"","ocean_menu_typo_font_weight_tablet":"","ocean_menu_typo_font_weight_mobile":"","ocean_menu_typo_transform":"","ocean_menu_typo_transform_tablet":"","ocean_menu_typo_transform_mobile":"","ocean_menu_typo_line_height":0,"ocean_menu_typo_line_height_tablet":0,"ocean_menu_typo_line_height_mobile":0,"ocean_menu_typo_line_height_unit":"","ocean_menu_typo_spacing":0,"ocean_menu_typo_spacing_tablet":0,"ocean_menu_typo_spacing_mobile":0,"ocean_menu_typo_spacing_unit":"","ocean_menu_link_color":"","ocean_menu_link_color_hover":"","ocean_menu_link_color_active":"","ocean_menu_link_background":"","ocean_menu_link_hover_background":"","ocean_menu_link_active_background":"","ocean_menu_social_links_bg":"","ocean_menu_social_hover_links_bg":"","ocean_menu_social_links_color":"","ocean_menu_social_hover_links_color":"","ocean_disable_title":"default","ocean_disable_heading":"default","ocean_post_title":"","ocean_post_subheading":"","ocean_post_title_style":"","ocean_post_title_background_color":"","ocean_post_title_background":0,"ocean_post_title_bg_image_position":"","ocean_post_title_bg_image_attachment":"","ocean_post_title_bg_image_repeat":"","ocean_post_title_bg_image_size":"","ocean_post_title_height":0,"ocean_post_title_bg_overlay":0.5,"ocean_post_title_bg_overlay_color":"","ocean_disable_breadcrumbs":"default","ocean_breadcrumbs_color":"","ocean_breadcrumbs_separator_color":"","ocean_breadcrumbs_links_color":"","ocean_breadcrumbs_links_hover_color":"","ocean_display_footer_widgets":"default","ocean_display_footer_bottom":"default","ocean_custom_footer_template":"0","footnotes":""},"class_list":["post-851","page","type-page","status-publish","hentry","entry","owp-thumbs-layout-horizontal","owp-btn-normal","owp-tabs-layout-horizontal","has-no-thumbnails"],"yoast_head":"<!-- This site is optimized with the Yoast SEO plugin v27.3 - https:\/\/yoast.com\/product\/yoast-seo-wordpress\/ -->\n<title>Privacy Policy - Tiare<\/title>\n<meta name=\"robots\" content=\"index, follow, max-snippet:-1, max-image-preview:large, max-video-preview:-1\" \/>\n<link rel=\"canonical\" href=\"https:\/\/www.tiaredoc.com\/en\/privacy-policy\/\" \/>\n<meta property=\"og:locale\" content=\"en_US\" \/>\n<meta property=\"og:type\" content=\"article\" \/>\n<meta property=\"og:title\" content=\"Privacy Policy - Tiare\" \/>\n<meta property=\"og:description\" content=\"1) Informazioni sulla Privacy del sito In questa sezione sono contenute le informazioni relative alle modalit\u00e0 di gestione di www.nomesito.com, di propriet\u00e0 di Nome Azienda, in riferimento al trattamento dei dati degli utenti del sito stesso. La presente informativa ha valore anche ai fini dell\u2019articolo 13 del Regolamento (UE) n. 2016\/679, relativo alla protezione delle [&hellip;]\" \/>\n<meta property=\"og:url\" content=\"https:\/\/www.tiaredoc.com\/en\/privacy-policy\/\" \/>\n<meta property=\"og:site_name\" content=\"Tiare\" \/>\n<meta property=\"article:modified_time\" content=\"2023-07-04T07:24:20+00:00\" \/>\n<meta name=\"twitter:card\" content=\"summary_large_image\" \/>\n<script type=\"application\/ld+json\" class=\"yoast-schema-graph\">{\"@context\":\"https:\\\/\\\/schema.org\",\"@graph\":[{\"@type\":\"WebPage\",\"@id\":\"https:\\\/\\\/www.tiaredoc.com\\\/en\\\/privacy-policy\\\/\",\"url\":\"https:\\\/\\\/www.tiaredoc.com\\\/en\\\/privacy-policy\\\/\",\"name\":\"Privacy Policy - Tiare\",\"isPartOf\":{\"@id\":\"https:\\\/\\\/www.tiaredoc.com\\\/en\\\/#website\"},\"datePublished\":\"2023-06-22T12:48:11+00:00\",\"dateModified\":\"2023-07-04T07:24:20+00:00\",\"breadcrumb\":{\"@id\":\"https:\\\/\\\/www.tiaredoc.com\\\/en\\\/privacy-policy\\\/#breadcrumb\"},\"inLanguage\":\"en-US\",\"potentialAction\":[{\"@type\":\"ReadAction\",\"target\":[\"https:\\\/\\\/www.tiaredoc.com\\\/en\\\/privacy-policy\\\/\"]}]},{\"@type\":\"BreadcrumbList\",\"@id\":\"https:\\\/\\\/www.tiaredoc.com\\\/en\\\/privacy-policy\\\/#breadcrumb\",\"itemListElement\":[{\"@type\":\"ListItem\",\"position\":1,\"name\":\"Home\",\"item\":\"https:\\\/\\\/www.tiaredoc.com\\\/en\\\/\"},{\"@type\":\"ListItem\",\"position\":2,\"name\":\"Privacy Policy\"}]},{\"@type\":\"WebSite\",\"@id\":\"https:\\\/\\\/www.tiaredoc.com\\\/en\\\/#website\",\"url\":\"https:\\\/\\\/www.tiaredoc.com\\\/en\\\/\",\"name\":\"Tiare\",\"description\":\"La gestione del suolo\",\"publisher\":{\"@id\":\"https:\\\/\\\/www.tiaredoc.com\\\/en\\\/#organization\"},\"potentialAction\":[{\"@type\":\"SearchAction\",\"target\":{\"@type\":\"EntryPoint\",\"urlTemplate\":\"https:\\\/\\\/www.tiaredoc.com\\\/en\\\/?s={search_term_string}\"},\"query-input\":{\"@type\":\"PropertyValueSpecification\",\"valueRequired\":true,\"valueName\":\"search_term_string\"}}],\"inLanguage\":\"en-US\"},{\"@type\":\"Organization\",\"@id\":\"https:\\\/\\\/www.tiaredoc.com\\\/en\\\/#organization\",\"name\":\"Tiare\",\"url\":\"https:\\\/\\\/www.tiaredoc.com\\\/en\\\/\",\"logo\":{\"@type\":\"ImageObject\",\"inLanguage\":\"en-US\",\"@id\":\"https:\\\/\\\/www.tiaredoc.com\\\/en\\\/#\\\/schema\\\/logo\\\/image\\\/\",\"url\":\"https:\\\/\\\/www.tiaredoc.com\\\/cms\\\/wp-content\\\/uploads\\\/2023\\\/06\\\/tiare-logo.png\",\"contentUrl\":\"https:\\\/\\\/www.tiaredoc.com\\\/cms\\\/wp-content\\\/uploads\\\/2023\\\/06\\\/tiare-logo.png\",\"width\":300,\"height\":73,\"caption\":\"Tiare\"},\"image\":{\"@id\":\"https:\\\/\\\/www.tiaredoc.com\\\/en\\\/#\\\/schema\\\/logo\\\/image\\\/\"}}]}<\/script>\n<!-- \/ Yoast SEO plugin. -->","yoast_head_json":{"title":"Privacy Policy - Tiare","robots":{"index":"index","follow":"follow","max-snippet":"max-snippet:-1","max-image-preview":"max-image-preview:large","max-video-preview":"max-video-preview:-1"},"canonical":"https:\/\/www.tiaredoc.com\/en\/privacy-policy\/","og_locale":"en_US","og_type":"article","og_title":"Privacy Policy - Tiare","og_description":"1) Informazioni sulla Privacy del sito In questa sezione sono contenute le informazioni relative alle modalit\u00e0 di gestione di www.nomesito.com, di propriet\u00e0 di Nome Azienda, in riferimento al trattamento dei dati degli utenti del sito stesso. La presente informativa ha valore anche ai fini dell\u2019articolo 13 del Regolamento (UE) n. 2016\/679, relativo alla protezione delle [&hellip;]","og_url":"https:\/\/www.tiaredoc.com\/en\/privacy-policy\/","og_site_name":"Tiare","article_modified_time":"2023-07-04T07:24:20+00:00","twitter_card":"summary_large_image","schema":{"@context":"https:\/\/schema.org","@graph":[{"@type":"WebPage","@id":"https:\/\/www.tiaredoc.com\/en\/privacy-policy\/","url":"https:\/\/www.tiaredoc.com\/en\/privacy-policy\/","name":"Privacy Policy - Tiare","isPartOf":{"@id":"https:\/\/www.tiaredoc.com\/en\/#website"},"datePublished":"2023-06-22T12:48:11+00:00","dateModified":"2023-07-04T07:24:20+00:00","breadcrumb":{"@id":"https:\/\/www.tiaredoc.com\/en\/privacy-policy\/#breadcrumb"},"inLanguage":"en-US","potentialAction":[{"@type":"ReadAction","target":["https:\/\/www.tiaredoc.com\/en\/privacy-policy\/"]}]},{"@type":"BreadcrumbList","@id":"https:\/\/www.tiaredoc.com\/en\/privacy-policy\/#breadcrumb","itemListElement":[{"@type":"ListItem","position":1,"name":"Home","item":"https:\/\/www.tiaredoc.com\/en\/"},{"@type":"ListItem","position":2,"name":"Privacy Policy"}]},{"@type":"WebSite","@id":"https:\/\/www.tiaredoc.com\/en\/#website","url":"https:\/\/www.tiaredoc.com\/en\/","name":"Tiare","description":"La gestione del suolo","publisher":{"@id":"https:\/\/www.tiaredoc.com\/en\/#organization"},"potentialAction":[{"@type":"SearchAction","target":{"@type":"EntryPoint","urlTemplate":"https:\/\/www.tiaredoc.com\/en\/?s={search_term_string}"},"query-input":{"@type":"PropertyValueSpecification","valueRequired":true,"valueName":"search_term_string"}}],"inLanguage":"en-US"},{"@type":"Organization","@id":"https:\/\/www.tiaredoc.com\/en\/#organization","name":"Tiare","url":"https:\/\/www.tiaredoc.com\/en\/","logo":{"@type":"ImageObject","inLanguage":"en-US","@id":"https:\/\/www.tiaredoc.com\/en\/#\/schema\/logo\/image\/","url":"https:\/\/www.tiaredoc.com\/cms\/wp-content\/uploads\/2023\/06\/tiare-logo.png","contentUrl":"https:\/\/www.tiaredoc.com\/cms\/wp-content\/uploads\/2023\/06\/tiare-logo.png","width":300,"height":73,"caption":"Tiare"},"image":{"@id":"https:\/\/www.tiaredoc.com\/en\/#\/schema\/logo\/image\/"}}]}},"_links":{"self":[{"href":"https:\/\/www.tiaredoc.com\/en\/wp-json\/wp\/v2\/pages\/851","targetHints":{"allow":["GET"]}}],"collection":[{"href":"https:\/\/www.tiaredoc.com\/en\/wp-json\/wp\/v2\/pages"}],"about":[{"href":"https:\/\/www.tiaredoc.com\/en\/wp-json\/wp\/v2\/types\/page"}],"author":[{"embeddable":true,"href":"https:\/\/www.tiaredoc.com\/en\/wp-json\/wp\/v2\/users\/1"}],"replies":[{"embeddable":true,"href":"https:\/\/www.tiaredoc.com\/en\/wp-json\/wp\/v2\/comments?post=851"}],"version-history":[{"count":3,"href":"https:\/\/www.tiaredoc.com\/en\/wp-json\/wp\/v2\/pages\/851\/revisions"}],"predecessor-version":[{"id":1328,"href":"https:\/\/www.tiaredoc.com\/en\/wp-json\/wp\/v2\/pages\/851\/revisions\/1328"}],"wp:attachment":[{"href":"https:\/\/www.tiaredoc.com\/en\/wp-json\/wp\/v2\/media?parent=851"}],"curies":[{"name":"wp","href":"https:\/\/api.w.org\/{rel}","templated":true}]}}